{"id":505,"date":"2026-03-23T12:00:28","date_gmt":"2026-03-23T11:00:28","guid":{"rendered":"https:\/\/r-water.hu\/?page_id=505"},"modified":"2026-04-16T15:27:18","modified_gmt":"2026-04-16T13:27:18","slug":"termekek","status":"publish","type":"page","link":"https:\/\/r-water.hu\/hu\/termekek\/","title":{"rendered":"Absolute Live \u2013 tal\u00e1ld meg a c\u00e9lodhoz ill\u0151 italt"},"content":{"rendered":"<pre class=\"wp-block-code\"><code><\/code><\/pre>\n\n\n\n<p><\/p>","protected":false},"excerpt":{"rendered":"","protected":false},"author":3,"featured_media":0,"parent":0,"menu_order":0,"comment_status":"closed","ping_status":"closed","template":"","meta":{"_acf_changed":false,"iawp_total_views":177,"footnotes":""},"class_list":["post-505","page","type-page","status-publish","hentry"],"acf":[],"yoast_head":"<!-- This site is optimized with the Yoast SEO plugin v25.9 - https:\/\/yoast.com\/wordpress\/plugins\/seo\/ -->\n<title>Absolute Live \u2013 tal\u00e1ld meg a c\u00e9lodhoz ill\u0151 italt - R-Water Kft.<\/title>\n<meta name=\"description\" content=\"V\u00e1lassz c\u00e9l szerint funkcion\u00e1lis italaink k\u00f6z\u00fcl, legyen sz\u00f3 hidrat\u00e1l\u00e1sr\u00f3l, izomt\u00e1mogat\u00e1sr\u00f3l, zs\u00edr\u00e9get\u00e9sr\u0151l vagy az akt\u00edv mindennapokr\u00f3l.\" \/>\n<meta name=\"robots\" content=\"index, follow, max-snippet:-1, max-image-preview:large, max-video-preview:-1\" \/>\n<link rel=\"canonical\" href=\"https:\/\/r-water.hu\/hu\/termekek\/\" \/>\n<meta property=\"og:locale\" content=\"hu_HU\" \/>\n<meta property=\"og:type\" content=\"article\" \/>\n<meta property=\"og:title\" content=\"Absolute Live \u2013 tal\u00e1ld meg a c\u00e9lodhoz ill\u0151 italt - R-Water Kft.\" \/>\n<meta property=\"og:description\" content=\"V\u00e1lassz c\u00e9l szerint funkcion\u00e1lis italaink k\u00f6z\u00fcl, legyen sz\u00f3 hidrat\u00e1l\u00e1sr\u00f3l, izomt\u00e1mogat\u00e1sr\u00f3l, zs\u00edr\u00e9get\u00e9sr\u0151l vagy az akt\u00edv mindennapokr\u00f3l.\" \/>\n<meta property=\"og:url\" content=\"https:\/\/r-water.hu\/hu\/termekek\/\" \/>\n<meta property=\"og:site_name\" content=\"R-Water Kft.\" \/>\n<meta property=\"article:publisher\" content=\"https:\/\/www.facebook.com\/rwaterkft\" \/>\n<meta property=\"article:modified_time\" content=\"2026-04-16T13:27:18+00:00\" \/>\n<meta name=\"twitter:card\" content=\"summary_large_image\" \/>\n<script type=\"application\/ld+json\" class=\"yoast-schema-graph\">{\"@context\":\"https:\/\/schema.org\",\"@graph\":[{\"@type\":\"WebPage\",\"@id\":\"https:\/\/r-water.hu\/termekek\/\",\"url\":\"https:\/\/r-water.hu\/termekek\/\",\"name\":\"Absolute Live \u2013 tal\u00e1ld meg a c\u00e9lodhoz ill\u0151 italt - R-Water Kft.\",\"isPartOf\":{\"@id\":\"https:\/\/r-water.hu\/hu\/#website\"},\"datePublished\":\"2026-03-23T11:00:28+00:00\",\"dateModified\":\"2026-04-16T13:27:18+00:00\",\"description\":\"V\u00e1lassz c\u00e9l szerint funkcion\u00e1lis italaink k\u00f6z\u00fcl, legyen sz\u00f3 hidrat\u00e1l\u00e1sr\u00f3l, izomt\u00e1mogat\u00e1sr\u00f3l, zs\u00edr\u00e9get\u00e9sr\u0151l vagy az akt\u00edv mindennapokr\u00f3l.\",\"breadcrumb\":{\"@id\":\"https:\/\/r-water.hu\/termekek\/#breadcrumb\"},\"inLanguage\":\"hu\",\"potentialAction\":[{\"@type\":\"ReadAction\",\"target\":[\"https:\/\/r-water.hu\/termekek\/\"]}]},{\"@type\":\"BreadcrumbList\",\"@id\":\"https:\/\/r-water.hu\/termekek\/#breadcrumb\",\"itemListElement\":[{\"@type\":\"ListItem\",\"position\":1,\"name\":\"Home\",\"item\":\"https:\/\/r-water.hu\/hu\/?p=1924\"},{\"@type\":\"ListItem\",\"position\":2,\"name\":\"Absolute Live \u2013 tal\u00e1ld meg a c\u00e9lodhoz ill\u0151 italt\"}]},{\"@type\":\"WebSite\",\"@id\":\"https:\/\/r-water.hu\/hu\/#website\",\"url\":\"https:\/\/r-water.hu\/hu\/\",\"name\":\"R-Water Kft.\",\"description\":\"Premium Sports and Vitamin Drinks \u2013 For B2B Partners\",\"publisher\":{\"@id\":\"https:\/\/r-water.hu\/hu\/#organization\"},\"potentialAction\":[{\"@type\":\"SearchAction\",\"target\":{\"@type\":\"EntryPoint\",\"urlTemplate\":\"https:\/\/r-water.hu\/hu\/?s={search_term_string}\"},\"query-input\":{\"@type\":\"PropertyValueSpecification\",\"valueRequired\":true,\"valueName\":\"search_term_string\"}}],\"inLanguage\":\"hu\"},{\"@type\":\"Organization\",\"@id\":\"https:\/\/r-water.hu\/hu\/#organization\",\"name\":\"R-Water Kft.\",\"url\":\"https:\/\/r-water.hu\/hu\/\",\"logo\":{\"@type\":\"ImageObject\",\"inLanguage\":\"hu\",\"@id\":\"https:\/\/r-water.hu\/hu\/#\/schema\/logo\/image\/\",\"url\":\"https:\/\/r-water.hu\/wp-content\/uploads\/2025\/09\/Rwaterlogozold.png\",\"contentUrl\":\"https:\/\/r-water.hu\/wp-content\/uploads\/2025\/09\/Rwaterlogozold.png\",\"width\":1664,\"height\":469,\"caption\":\"R-Water Kft.\"},\"image\":{\"@id\":\"https:\/\/r-water.hu\/hu\/#\/schema\/logo\/image\/\"},\"sameAs\":[\"https:\/\/www.facebook.com\/rwaterkft\",\"https:\/\/www.instagram.com\/absolute_live_hungary\/\"]}]}<\/script>\n<!-- \/ Yoast SEO plugin. -->","yoast_head_json":{"title":"Absolute Live \u2013 tal\u00e1ld meg a c\u00e9lodhoz ill\u0151 italt - R-Water Kft.","description":"V\u00e1lassz c\u00e9l szerint funkcion\u00e1lis italaink k\u00f6z\u00fcl, legyen sz\u00f3 hidrat\u00e1l\u00e1sr\u00f3l, izomt\u00e1mogat\u00e1sr\u00f3l, zs\u00edr\u00e9get\u00e9sr\u0151l vagy az akt\u00edv mindennapokr\u00f3l.","robots":{"index":"index","follow":"follow","max-snippet":"max-snippet:-1","max-image-preview":"max-image-preview:large","max-video-preview":"max-video-preview:-1"},"canonical":"https:\/\/r-water.hu\/hu\/termekek\/","og_locale":"hu_HU","og_type":"article","og_title":"Absolute Live \u2013 tal\u00e1ld meg a c\u00e9lodhoz ill\u0151 italt - R-Water Kft.","og_description":"V\u00e1lassz c\u00e9l szerint funkcion\u00e1lis italaink k\u00f6z\u00fcl, legyen sz\u00f3 hidrat\u00e1l\u00e1sr\u00f3l, izomt\u00e1mogat\u00e1sr\u00f3l, zs\u00edr\u00e9get\u00e9sr\u0151l vagy az akt\u00edv mindennapokr\u00f3l.","og_url":"https:\/\/r-water.hu\/hu\/termekek\/","og_site_name":"R-Water Kft.","article_publisher":"https:\/\/www.facebook.com\/rwaterkft","article_modified_time":"2026-04-16T13:27:18+00:00","twitter_card":"summary_large_image","schema":{"@context":"https:\/\/schema.org","@graph":[{"@type":"WebPage","@id":"https:\/\/r-water.hu\/termekek\/","url":"https:\/\/r-water.hu\/termekek\/","name":"Absolute Live \u2013 tal\u00e1ld meg a c\u00e9lodhoz ill\u0151 italt - R-Water Kft.","isPartOf":{"@id":"https:\/\/r-water.hu\/hu\/#website"},"datePublished":"2026-03-23T11:00:28+00:00","dateModified":"2026-04-16T13:27:18+00:00","description":"V\u00e1lassz c\u00e9l szerint funkcion\u00e1lis italaink k\u00f6z\u00fcl, legyen sz\u00f3 hidrat\u00e1l\u00e1sr\u00f3l, izomt\u00e1mogat\u00e1sr\u00f3l, zs\u00edr\u00e9get\u00e9sr\u0151l vagy az akt\u00edv mindennapokr\u00f3l.","breadcrumb":{"@id":"https:\/\/r-water.hu\/termekek\/#breadcrumb"},"inLanguage":"hu","potentialAction":[{"@type":"ReadAction","target":["https:\/\/r-water.hu\/termekek\/"]}]},{"@type":"BreadcrumbList","@id":"https:\/\/r-water.hu\/termekek\/#breadcrumb","itemListElement":[{"@type":"ListItem","position":1,"name":"Home","item":"https:\/\/r-water.hu\/hu\/?p=1924"},{"@type":"ListItem","position":2,"name":"Absolute Live \u2013 tal\u00e1ld meg a c\u00e9lodhoz ill\u0151 italt"}]},{"@type":"WebSite","@id":"https:\/\/r-water.hu\/hu\/#website","url":"https:\/\/r-water.hu\/hu\/","name":"R-Water Kft.","description":"Premium Sports and Vitamin Drinks \u2013 For B2B Partners","publisher":{"@id":"https:\/\/r-water.hu\/hu\/#organization"},"potentialAction":[{"@type":"SearchAction","target":{"@type":"EntryPoint","urlTemplate":"https:\/\/r-water.hu\/hu\/?s={search_term_string}"},"query-input":{"@type":"PropertyValueSpecification","valueRequired":true,"valueName":"search_term_string"}}],"inLanguage":"hu"},{"@type":"Organization","@id":"https:\/\/r-water.hu\/hu\/#organization","name":"R-Water Kft.","url":"https:\/\/r-water.hu\/hu\/","logo":{"@type":"ImageObject","inLanguage":"hu","@id":"https:\/\/r-water.hu\/hu\/#\/schema\/logo\/image\/","url":"https:\/\/r-water.hu\/wp-content\/uploads\/2025\/09\/Rwaterlogozold.png","contentUrl":"https:\/\/r-water.hu\/wp-content\/uploads\/2025\/09\/Rwaterlogozold.png","width":1664,"height":469,"caption":"R-Water Kft."},"image":{"@id":"https:\/\/r-water.hu\/hu\/#\/schema\/logo\/image\/"},"sameAs":["https:\/\/www.facebook.com\/rwaterkft","https:\/\/www.instagram.com\/absolute_live_hungary\/"]}]}},"_links":{"self":[{"href":"https:\/\/r-water.hu\/hu\/wp-json\/wp\/v2\/pages\/505","targetHints":{"allow":["GET"]}}],"collection":[{"href":"https:\/\/r-water.hu\/hu\/wp-json\/wp\/v2\/pages"}],"about":[{"href":"https:\/\/r-water.hu\/hu\/wp-json\/wp\/v2\/types\/page"}],"author":[{"embeddable":true,"href":"https:\/\/r-water.hu\/hu\/wp-json\/wp\/v2\/users\/3"}],"replies":[{"embeddable":true,"href":"https:\/\/r-water.hu\/hu\/wp-json\/wp\/v2\/comments?post=505"}],"version-history":[{"count":100,"href":"https:\/\/r-water.hu\/hu\/wp-json\/wp\/v2\/pages\/505\/revisions"}],"predecessor-version":[{"id":1921,"href":"https:\/\/r-water.hu\/hu\/wp-json\/wp\/v2\/pages\/505\/revisions\/1921"}],"wp:attachment":[{"href":"https:\/\/r-water.hu\/hu\/wp-json\/wp\/v2\/media?parent=505"}],"curies":[{"name":"wp","href":"https:\/\/api.w.org\/{rel}","templated":true}]}}